{"id":2028,"date":"2025-05-13T22:51:36","date_gmt":"2025-05-13T20:51:36","guid":{"rendered":"https:\/\/orbis-design.be\/a-propos-de-nous\/"},"modified":"2025-09-22T20:21:21","modified_gmt":"2025-09-22T18:21:21","slug":"a-propos-de-nous","status":"publish","type":"page","link":"https:\/\/orbis-design.be\/fr\/a-propos-de-nous\/","title":{"rendered":"\u00c0 propos de nous"},"content":{"rendered":"","protected":false},"excerpt":{"rendered":"","protected":false},"author":1,"featured_media":0,"parent":0,"menu_order":0,"comment_status":"closed","ping_status":"closed","template":"","meta":{"site-sidebar-layout":"no-sidebar","site-content-layout":"page-builder","ast-site-content-layout":"full-width-container","site-content-style":"unboxed","site-sidebar-style":"unboxed","ast-global-header-display":"","ast-banner-title-visibility":"","ast-main-header-display":"","ast-hfb-above-header-display":"","ast-hfb-below-header-display":"","ast-hfb-mobile-header-display":"","site-post-title":"disabled","ast-breadcrumbs-content":"","ast-featured-img":"disabled","footer-sml-layout":"","ast-disable-related-posts":"","theme-transparent-header-meta":"enabled","adv-header-id-meta":"","stick-header-meta":"","header-above-stick-meta":"","header-main-stick-meta":"","header-below-stick-meta":"","astra-migrate-meta-layouts":"default","ast-page-background-enabled":"default","ast-page-background-meta":{"desktop":{"background-color":"","background-image":"","background-repeat":"repeat","background-position":"center center","background-size":"auto","background-attachment":"scroll","background-type":"","background-media":"","overlay-type":"","overlay-color":"","overlay-opacity":"","overlay-gradient":""},"tablet":{"background-color":"","background-image":"","background-repeat":"repeat","background-position":"center center","background-size":"auto","background-attachment":"scroll","background-type":"","background-media":"","overlay-type":"","overlay-color":"","overlay-opacity":"","overlay-gradient":""},"mobile":{"background-color":"","background-image":"","background-repeat":"repeat","background-position":"center center","background-size":"auto","background-attachment":"scroll","background-type":"","background-media":"","overlay-type":"","overlay-color":"","overlay-opacity":"","overlay-gradient":""}},"ast-content-background-meta":{"desktop":{"background-color":"var(--ast-global-color-5)","background-image":"","background-repeat":"repeat","background-position":"center center","background-size":"auto","background-attachment":"scroll","background-type":"","background-media":"","overlay-type":"","overlay-color":"","overlay-opacity":"","overlay-gradient":""},"tablet":{"background-color":"var(--ast-global-color-5)","background-image":"","background-repeat":"repeat","background-position":"center center","background-size":"auto","background-attachment":"scroll","background-type":"","background-media":"","overlay-type":"","overlay-color":"","overlay-opacity":"","overlay-gradient":""},"mobile":{"background-color":"var(--ast-global-color-5)","background-image":"","background-repeat":"repeat","background-position":"center center","background-size":"auto","background-attachment":"scroll","background-type":"","background-media":"","overlay-type":"","overlay-color":"","overlay-opacity":"","overlay-gradient":""}},"footnotes":""},"class_list":["post-2028","page","type-page","status-publish","hentry"],"yoast_head":"<!-- This site is optimized with the Yoast SEO plugin v27.0 - https:\/\/yoast.com\/product\/yoast-seo-wordpress\/ -->\n<title>\u00c0 propos de nous | Orbis<\/title>\n<meta name=\"description\" content=\"Une vision commune entre trois marques sp\u00e9cialis\u00e9es.\" \/>\n<meta name=\"robots\" content=\"index, follow, max-snippet:-1, max-image-preview:large, max-video-preview:-1\" \/>\n<link rel=\"canonical\" href=\"https:\/\/orbis-design.be\/fr\/a-propos-de-nous\/\" \/>\n<meta property=\"og:locale\" content=\"fr_FR\" \/>\n<meta property=\"og:type\" content=\"article\" \/>\n<meta property=\"og:title\" content=\"\u00c0 propos de nous | Orbis\" \/>\n<meta property=\"og:description\" content=\"Une vision commune entre trois marques sp\u00e9cialis\u00e9es.\" \/>\n<meta property=\"og:url\" content=\"https:\/\/orbis-design.be\/fr\/a-propos-de-nous\/\" \/>\n<meta property=\"og:site_name\" content=\"Orbis\" \/>\n<meta property=\"article:modified_time\" content=\"2025-09-22T18:21:21+00:00\" \/>\n<meta name=\"twitter:card\" content=\"summary_large_image\" \/>\n<script type=\"application\/ld+json\" class=\"yoast-schema-graph\">{\"@context\":\"https:\/\/schema.org\",\"@graph\":[{\"@type\":\"WebPage\",\"@id\":\"https:\/\/orbis-design.be\/fr\/a-propos-de-nous\/\",\"url\":\"https:\/\/orbis-design.be\/fr\/a-propos-de-nous\/\",\"name\":\"\u00c0 propos de nous | Orbis\",\"isPartOf\":{\"@id\":\"https:\/\/orbis-design.be\/fr\/#website\"},\"datePublished\":\"2025-05-13T20:51:36+00:00\",\"dateModified\":\"2025-09-22T18:21:21+00:00\",\"description\":\"Une vision commune entre trois marques sp\u00e9cialis\u00e9es.\",\"breadcrumb\":{\"@id\":\"https:\/\/orbis-design.be\/fr\/a-propos-de-nous\/#breadcrumb\"},\"inLanguage\":\"fr-FR\",\"potentialAction\":[{\"@type\":\"ReadAction\",\"target\":[\"https:\/\/orbis-design.be\/fr\/a-propos-de-nous\/\"]}]},{\"@type\":\"BreadcrumbList\",\"@id\":\"https:\/\/orbis-design.be\/fr\/a-propos-de-nous\/#breadcrumb\",\"itemListElement\":[{\"@type\":\"ListItem\",\"position\":1,\"name\":\"Home\",\"item\":\"https:\/\/orbis-design.be\/fr\/accueil\/\"},{\"@type\":\"ListItem\",\"position\":2,\"name\":\"\u00c0 propos de nous\"}]},{\"@type\":\"WebSite\",\"@id\":\"https:\/\/orbis-design.be\/fr\/#website\",\"url\":\"https:\/\/orbis-design.be\/fr\/\",\"name\":\"Orbis\",\"description\":\"\",\"publisher\":{\"@id\":\"https:\/\/orbis-design.be\/fr\/#organization\"},\"potentialAction\":[{\"@type\":\"SearchAction\",\"target\":{\"@type\":\"EntryPoint\",\"urlTemplate\":\"https:\/\/orbis-design.be\/fr\/?s={search_term_string}\"},\"query-input\":{\"@type\":\"PropertyValueSpecification\",\"valueRequired\":true,\"valueName\":\"search_term_string\"}}],\"inLanguage\":\"fr-FR\"},{\"@type\":\"Organization\",\"@id\":\"https:\/\/orbis-design.be\/fr\/#organization\",\"name\":\"Orbis\",\"url\":\"https:\/\/orbis-design.be\/fr\/\",\"logo\":{\"@type\":\"ImageObject\",\"inLanguage\":\"fr-FR\",\"@id\":\"https:\/\/orbis-design.be\/fr\/#\/schema\/logo\/image\/\",\"url\":\"https:\/\/orbis-design.be\/wp-content\/uploads\/2025\/05\/Orbis_logo.png\",\"contentUrl\":\"https:\/\/orbis-design.be\/wp-content\/uploads\/2025\/05\/Orbis_logo.png\",\"width\":675,\"height\":232,\"caption\":\"Orbis\"},\"image\":{\"@id\":\"https:\/\/orbis-design.be\/fr\/#\/schema\/logo\/image\/\"}}]}<\/script>\n<!-- \/ Yoast SEO plugin. -->","yoast_head_json":{"title":"\u00c0 propos de nous | Orbis","description":"Une vision commune entre trois marques sp\u00e9cialis\u00e9es.","robots":{"index":"index","follow":"follow","max-snippet":"max-snippet:-1","max-image-preview":"max-image-preview:large","max-video-preview":"max-video-preview:-1"},"canonical":"https:\/\/orbis-design.be\/fr\/a-propos-de-nous\/","og_locale":"fr_FR","og_type":"article","og_title":"\u00c0 propos de nous | Orbis","og_description":"Une vision commune entre trois marques sp\u00e9cialis\u00e9es.","og_url":"https:\/\/orbis-design.be\/fr\/a-propos-de-nous\/","og_site_name":"Orbis","article_modified_time":"2025-09-22T18:21:21+00:00","twitter_card":"summary_large_image","schema":{"@context":"https:\/\/schema.org","@graph":[{"@type":"WebPage","@id":"https:\/\/orbis-design.be\/fr\/a-propos-de-nous\/","url":"https:\/\/orbis-design.be\/fr\/a-propos-de-nous\/","name":"\u00c0 propos de nous | Orbis","isPartOf":{"@id":"https:\/\/orbis-design.be\/fr\/#website"},"datePublished":"2025-05-13T20:51:36+00:00","dateModified":"2025-09-22T18:21:21+00:00","description":"Une vision commune entre trois marques sp\u00e9cialis\u00e9es.","breadcrumb":{"@id":"https:\/\/orbis-design.be\/fr\/a-propos-de-nous\/#breadcrumb"},"inLanguage":"fr-FR","potentialAction":[{"@type":"ReadAction","target":["https:\/\/orbis-design.be\/fr\/a-propos-de-nous\/"]}]},{"@type":"BreadcrumbList","@id":"https:\/\/orbis-design.be\/fr\/a-propos-de-nous\/#breadcrumb","itemListElement":[{"@type":"ListItem","position":1,"name":"Home","item":"https:\/\/orbis-design.be\/fr\/accueil\/"},{"@type":"ListItem","position":2,"name":"\u00c0 propos de nous"}]},{"@type":"WebSite","@id":"https:\/\/orbis-design.be\/fr\/#website","url":"https:\/\/orbis-design.be\/fr\/","name":"Orbis","description":"","publisher":{"@id":"https:\/\/orbis-design.be\/fr\/#organization"},"potentialAction":[{"@type":"SearchAction","target":{"@type":"EntryPoint","urlTemplate":"https:\/\/orbis-design.be\/fr\/?s={search_term_string}"},"query-input":{"@type":"PropertyValueSpecification","valueRequired":true,"valueName":"search_term_string"}}],"inLanguage":"fr-FR"},{"@type":"Organization","@id":"https:\/\/orbis-design.be\/fr\/#organization","name":"Orbis","url":"https:\/\/orbis-design.be\/fr\/","logo":{"@type":"ImageObject","inLanguage":"fr-FR","@id":"https:\/\/orbis-design.be\/fr\/#\/schema\/logo\/image\/","url":"https:\/\/orbis-design.be\/wp-content\/uploads\/2025\/05\/Orbis_logo.png","contentUrl":"https:\/\/orbis-design.be\/wp-content\/uploads\/2025\/05\/Orbis_logo.png","width":675,"height":232,"caption":"Orbis"},"image":{"@id":"https:\/\/orbis-design.be\/fr\/#\/schema\/logo\/image\/"}}]}},"_links":{"self":[{"href":"https:\/\/orbis-design.be\/fr\/wp-json\/wp\/v2\/pages\/2028","targetHints":{"allow":["GET"]}}],"collection":[{"href":"https:\/\/orbis-design.be\/fr\/wp-json\/wp\/v2\/pages"}],"about":[{"href":"https:\/\/orbis-design.be\/fr\/wp-json\/wp\/v2\/types\/page"}],"author":[{"embeddable":true,"href":"https:\/\/orbis-design.be\/fr\/wp-json\/wp\/v2\/users\/1"}],"replies":[{"embeddable":true,"href":"https:\/\/orbis-design.be\/fr\/wp-json\/wp\/v2\/comments?post=2028"}],"version-history":[{"count":1,"href":"https:\/\/orbis-design.be\/fr\/wp-json\/wp\/v2\/pages\/2028\/revisions"}],"predecessor-version":[{"id":2029,"href":"https:\/\/orbis-design.be\/fr\/wp-json\/wp\/v2\/pages\/2028\/revisions\/2029"}],"wp:attachment":[{"href":"https:\/\/orbis-design.be\/fr\/wp-json\/wp\/v2\/media?parent=2028"}],"curies":[{"name":"wp","href":"https:\/\/api.w.org\/{rel}","templated":true}]}}